{"id":220,"date":"2018-01-10T09:44:38","date_gmt":"2018-01-10T08:44:38","guid":{"rendered":"http:\/\/ww.martinolles.com\/produit\/limoux-red-garriguet\/"},"modified":"2020-09-21T15:14:49","modified_gmt":"2020-09-21T13:14:49","slug":"limoux-red-garriguet","status":"publish","type":"product","link":"https:\/\/www.martinolles.com\/en\/the-wines\/limoux-red-garriguet\/","title":{"rendered":"Limoux Rouge Garriguet"},"content":{"rendered":"<h4>Vineyard profile<\/h4>\n<ul>\n<li><strong>Soil type :<\/strong> sandy, limestone, clay and gravel. The vineyard lies at 250 m asl.<\/li>\n<li><strong>Harvest :<\/strong> hand-picked<\/li>\n<li>Cordon de Royat pruning (2 arms with 6 spurs)<\/li>\n<li><strong>Average yield :<\/strong> 45 hl\/ha<\/li>\n<li>Sustainable viticulture<\/li>\n<li><strong>Density :<\/strong> 4400 vines \/ ha<\/li>\n<\/ul>\n<h4>Vinification process<\/h4>\n<p>Cold soaking at 10\u00b0C during 2 days. Pumping over and plunging during fermentation at 23\u00b0C followed by maceration (2 to 3 weeks). Malolactic fermentation and short ageing in oak barrels<\/p>\n","protected":false},"excerpt":{"rendered":"<ul>\n<li><strong>Appellation :<\/strong> AOP Limoux<\/li>\n<li><strong>Grape Varieties :<\/strong> Merlot 55%, Syrah 30%, Cabernet Sauvignon 15%<\/li>\n<\/ul>\n<p>&nbsp;<\/p>\n<h4>Tasting Notes<\/h4>\n<p>&nbsp;<\/p>\n<ul>\n<li><strong>Colour :<\/strong> Intense red with ruby glints<\/li>\n<li><strong>Nose :<\/strong> Aromas of spices and ripe black fruits.<\/li>\n<li><strong>Palate :<\/strong> Ample with fine tannins.<\/li>\n<li><strong>Food pairing :<\/strong> Best served at 17\u00b0C, with pastas, barbecues, poultry, game, terrines and medium to strong cheeses; it will be also delightful with chocolate cake.<\/li>\n<\/ul>\n","protected":false},"featured_media":538,"comment_status":"open","ping_status":"closed","template":"","meta":{"_et_pb_use_builder":"on","_et_pb_old_content":"<h4>Le Vignoble<\/h4><ul><li><strong>Type de sol :<\/strong> Argilo-calcaire<\/li><li><strong>Age des vignes :<\/strong> 20-30 ans<\/li><li><strong>Taille :<\/strong> Guyot simple<\/li><li><strong>Vendanges :<\/strong> manuelles<\/li><li><strong>Rendement moyen :<\/strong> 45 hl\/ Ha<\/li><li><strong>Densit\u00e9 de plantation :<\/strong> 4400 pieds par hectares.<\/li><li><strong>Altitude :<\/strong> 250 m\u00e8tres.<\/li><li><strong>Climat :<\/strong> m\u00e9diterran\u00e9en avec des influences oc\u00e9aniques<\/li><li>Vignoble certifi\u00e9 en agriculture raisonn\u00e9e.<\/li><\/ul><h4>Vinification<\/h4><p class=\"p2\">Egrappage, vinification s\u00e9par\u00e9e pour chaque c\u00e9page. Fermentation \u00e0 25\u00b0C. 15 \u00e0 20 jours de mac\u00e9ration pelliculaire pour le Cabernet, 12 jours pour le Merlot et pour la Syrah sous temp\u00e9rature contr\u00f4l\u00e9e (28\u00b0C maximum). L\u2019assemblage a lieu en novembre avant de mettre le vin en barriques. 100% est \u00e9lev\u00e9 en f\u00fbt de ch\u00eane pendant 8 mois (60% ch\u00eane am\u00e9ricain, 40% fran\u00e7ais).<\/p>","_et_gb_content_width":""},"product_cat":[26],"product_tag":[],"class_list":{"0":"post-220","1":"product","2":"type-product","3":"status-publish","4":"has-post-thumbnail","6":"product_cat-chateau-martinolles-en","8":"first","9":"instock","10":"shipping-taxable","11":"product-type-simple"},"yoast_head":"<!-- This site is optimized with the Yoast SEO plugin v23.4 - https:\/\/yoast.com\/wordpress\/plugins\/seo\/ -->\n<title>Limoux Rouge Garriguet - Ch\u00e2teau Martinolles<\/title>\n<meta name=\"robots\" content=\"index, follow, max-snippet:-1, max-image-preview:large, max-video-preview:-1\" \/>\n<link rel=\"canonical\" href=\"https:\/\/www.martinolles.com\/en\/the-wines\/limoux-red-garriguet\/\" \/>\n<meta property=\"og:locale\" content=\"en_US\" \/>\n<meta property=\"og:type\" content=\"article\" \/>\n<meta property=\"og:title\" content=\"Limoux Rouge Garriguet - Ch\u00e2teau Martinolles\" \/>\n<meta property=\"og:description\" content=\"Appellation : AOP Limoux C\u00e9pages : Merlot 55%, Syrah 30%, Cabernet Sauvignon 15%\" \/>\n<meta property=\"og:url\" content=\"https:\/\/www.martinolles.com\/en\/the-wines\/limoux-red-garriguet\/\" \/>\n<meta property=\"og:site_name\" content=\"Ch\u00e2teau Martinolles\" \/>\n<meta property=\"article:modified_time\" content=\"2020-09-21T13:14:49+00:00\" \/>\n<meta property=\"og:image\" content=\"https:\/\/www.martinolles.com\/wp-content\/uploads\/2022\/10\/Chateau-Martinolles-Guarriguet-1.jpg\" \/>\n\t<meta property=\"og:image:width\" content=\"1080\" \/>\n\t<meta property=\"og:image:height\" content=\"1080\" \/>\n\t<meta property=\"og:image:type\" content=\"image\/jpeg\" \/>\n<meta name=\"twitter:card\" content=\"summary_large_image\" \/>\n<script type=\"application\/ld+json\" class=\"yoast-schema-graph\">{\"@context\":\"https:\/\/schema.org\",\"@graph\":[{\"@type\":\"WebPage\",\"@id\":\"https:\/\/www.martinolles.com\/en\/the-wines\/limoux-red-garriguet\/\",\"url\":\"https:\/\/www.martinolles.com\/en\/the-wines\/limoux-red-garriguet\/\",\"name\":\"Limoux Rouge Garriguet - Ch\u00e2teau Martinolles\",\"isPartOf\":{\"@id\":\"https:\/\/www.martinolles.com\/#website\"},\"primaryImageOfPage\":{\"@id\":\"https:\/\/www.martinolles.com\/en\/the-wines\/limoux-red-garriguet\/#primaryimage\"},\"image\":{\"@id\":\"https:\/\/www.martinolles.com\/en\/the-wines\/limoux-red-garriguet\/#primaryimage\"},\"thumbnailUrl\":\"https:\/\/www.martinolles.com\/wp-content\/uploads\/2022\/10\/Chateau-Martinolles-Guarriguet-1.jpg\",\"datePublished\":\"2018-01-10T08:44:38+00:00\",\"dateModified\":\"2020-09-21T13:14:49+00:00\",\"breadcrumb\":{\"@id\":\"https:\/\/www.martinolles.com\/en\/the-wines\/limoux-red-garriguet\/#breadcrumb\"},\"inLanguage\":\"en-US\",\"potentialAction\":[{\"@type\":\"ReadAction\",\"target\":[\"https:\/\/www.martinolles.com\/en\/the-wines\/limoux-red-garriguet\/\"]}]},{\"@type\":\"ImageObject\",\"inLanguage\":\"en-US\",\"@id\":\"https:\/\/www.martinolles.com\/en\/the-wines\/limoux-red-garriguet\/#primaryimage\",\"url\":\"https:\/\/www.martinolles.com\/wp-content\/uploads\/2022\/10\/Chateau-Martinolles-Guarriguet-1.jpg\",\"contentUrl\":\"https:\/\/www.martinolles.com\/wp-content\/uploads\/2022\/10\/Chateau-Martinolles-Guarriguet-1.jpg\",\"width\":1080,\"height\":1080,\"caption\":\"Ch\u00e2teau Martinolles - Vignoble - Sud de la France - Limoux\"},{\"@type\":\"BreadcrumbList\",\"@id\":\"https:\/\/www.martinolles.com\/en\/the-wines\/limoux-red-garriguet\/#breadcrumb\",\"itemListElement\":[{\"@type\":\"ListItem\",\"position\":1,\"name\":\"Home\",\"item\":\"https:\/\/www.martinolles.com\/en\/\"},{\"@type\":\"ListItem\",\"position\":2,\"name\":\"Private: Shop\",\"item\":\"https:\/\/www.martinolles.com\/en\/?page_id=167\"},{\"@type\":\"ListItem\",\"position\":3,\"name\":\"Limoux Rouge Garriguet\"}]},{\"@type\":\"WebSite\",\"@id\":\"https:\/\/www.martinolles.com\/#website\",\"url\":\"https:\/\/www.martinolles.com\/\",\"name\":\"Ch\u00e2teau Martinolles\",\"description\":\"Vin effervescent, bulle, grand cru du languedoc en aoc limoux\",\"potentialAction\":[{\"@type\":\"SearchAction\",\"target\":{\"@type\":\"EntryPoint\",\"urlTemplate\":\"https:\/\/www.martinolles.com\/?s={search_term_string}\"},\"query-input\":{\"@type\":\"PropertyValueSpecification\",\"valueRequired\":true,\"valueName\":\"search_term_string\"}}],\"inLanguage\":\"en-US\"}]}<\/script>\n<!-- \/ Yoast SEO plugin. -->","yoast_head_json":{"title":"Limoux Rouge Garriguet - Ch\u00e2teau Martinolles","robots":{"index":"index","follow":"follow","max-snippet":"max-snippet:-1","max-image-preview":"max-image-preview:large","max-video-preview":"max-video-preview:-1"},"canonical":"https:\/\/www.martinolles.com\/en\/the-wines\/limoux-red-garriguet\/","og_locale":"en_US","og_type":"article","og_title":"Limoux Rouge Garriguet - Ch\u00e2teau Martinolles","og_description":"Appellation : AOP Limoux C\u00e9pages : Merlot 55%, Syrah 30%, Cabernet Sauvignon 15%","og_url":"https:\/\/www.martinolles.com\/en\/the-wines\/limoux-red-garriguet\/","og_site_name":"Ch\u00e2teau Martinolles","article_modified_time":"2020-09-21T13:14:49+00:00","og_image":[{"width":1080,"height":1080,"url":"https:\/\/www.martinolles.com\/wp-content\/uploads\/2022\/10\/Chateau-Martinolles-Guarriguet-1.jpg","type":"image\/jpeg"}],"twitter_card":"summary_large_image","schema":{"@context":"https:\/\/schema.org","@graph":[{"@type":"WebPage","@id":"https:\/\/www.martinolles.com\/en\/the-wines\/limoux-red-garriguet\/","url":"https:\/\/www.martinolles.com\/en\/the-wines\/limoux-red-garriguet\/","name":"Limoux Rouge Garriguet - Ch\u00e2teau Martinolles","isPartOf":{"@id":"https:\/\/www.martinolles.com\/#website"},"primaryImageOfPage":{"@id":"https:\/\/www.martinolles.com\/en\/the-wines\/limoux-red-garriguet\/#primaryimage"},"image":{"@id":"https:\/\/www.martinolles.com\/en\/the-wines\/limoux-red-garriguet\/#primaryimage"},"thumbnailUrl":"https:\/\/www.martinolles.com\/wp-content\/uploads\/2022\/10\/Chateau-Martinolles-Guarriguet-1.jpg","datePublished":"2018-01-10T08:44:38+00:00","dateModified":"2020-09-21T13:14:49+00:00","breadcrumb":{"@id":"https:\/\/www.martinolles.com\/en\/the-wines\/limoux-red-garriguet\/#breadcrumb"},"inLanguage":"en-US","potentialAction":[{"@type":"ReadAction","target":["https:\/\/www.martinolles.com\/en\/the-wines\/limoux-red-garriguet\/"]}]},{"@type":"ImageObject","inLanguage":"en-US","@id":"https:\/\/www.martinolles.com\/en\/the-wines\/limoux-red-garriguet\/#primaryimage","url":"https:\/\/www.martinolles.com\/wp-content\/uploads\/2022\/10\/Chateau-Martinolles-Guarriguet-1.jpg","contentUrl":"https:\/\/www.martinolles.com\/wp-content\/uploads\/2022\/10\/Chateau-Martinolles-Guarriguet-1.jpg","width":1080,"height":1080,"caption":"Ch\u00e2teau Martinolles - Vignoble - Sud de la France - Limoux"},{"@type":"BreadcrumbList","@id":"https:\/\/www.martinolles.com\/en\/the-wines\/limoux-red-garriguet\/#breadcrumb","itemListElement":[{"@type":"ListItem","position":1,"name":"Home","item":"https:\/\/www.martinolles.com\/en\/"},{"@type":"ListItem","position":2,"name":"Private: Shop","item":"https:\/\/www.martinolles.com\/en\/?page_id=167"},{"@type":"ListItem","position":3,"name":"Limoux Rouge Garriguet"}]},{"@type":"WebSite","@id":"https:\/\/www.martinolles.com\/#website","url":"https:\/\/www.martinolles.com\/","name":"Ch\u00e2teau Martinolles","description":"Vin effervescent, bulle, grand cru du languedoc en aoc limoux","potentialAction":[{"@type":"SearchAction","target":{"@type":"EntryPoint","urlTemplate":"https:\/\/www.martinolles.com\/?s={search_term_string}"},"query-input":{"@type":"PropertyValueSpecification","valueRequired":true,"valueName":"search_term_string"}}],"inLanguage":"en-US"}]}},"_links":{"self":[{"href":"https:\/\/www.martinolles.com\/en\/wp-json\/wp\/v2\/product\/220"}],"collection":[{"href":"https:\/\/www.martinolles.com\/en\/wp-json\/wp\/v2\/product"}],"about":[{"href":"https:\/\/www.martinolles.com\/en\/wp-json\/wp\/v2\/types\/product"}],"replies":[{"embeddable":true,"href":"https:\/\/www.martinolles.com\/en\/wp-json\/wp\/v2\/comments?post=220"}],"wp:featuredmedia":[{"embeddable":true,"href":"https:\/\/www.martinolles.com\/en\/wp-json\/wp\/v2\/media\/538"}],"wp:attachment":[{"href":"https:\/\/www.martinolles.com\/en\/wp-json\/wp\/v2\/media?parent=220"}],"wp:term":[{"taxonomy":"product_cat","embeddable":true,"href":"https:\/\/www.martinolles.com\/en\/wp-json\/wp\/v2\/product_cat?post=220"},{"taxonomy":"product_tag","embeddable":true,"href":"https:\/\/www.martinolles.com\/en\/wp-json\/wp\/v2\/product_tag?post=220"}],"curies":[{"name":"wp","href":"https:\/\/api.w.org\/{rel}","templated":true}]}}