{"id":222,"date":"2018-01-10T09:51:35","date_gmt":"2018-01-10T08:51:35","guid":{"rendered":"http:\/\/ww.martinolles.com\/produit\/cremant-de-limoux-pink\/"},"modified":"2020-09-21T15:14:49","modified_gmt":"2020-09-21T13:14:49","slug":"cremant-de-limoux-pink","status":"publish","type":"product","link":"https:\/\/www.martinolles.com\/en\/the-wines\/cremant-de-limoux-pink\/","title":{"rendered":"Ch\u00e2teau Martinolles &#8211; Cr\u00e9mant de Limoux Ros\u00e9"},"content":{"rendered":"<h4>Vineyard\/h4><\/p>\n<ul>\n<li><strong>Soil type :<\/strong> Clay and limestone.<\/li>\n<li><strong>Climate :<\/strong> Mediterranean with oceanic influence<\/li>\n<li><strong>Altitude :<\/strong> 250 to 280 m<\/li>\n<li><strong>Density of planting :<\/strong> 4 400 feet\/ ha<\/li>\n<li><strong>Harvest :<\/strong> hand-picked<\/li>\n<\/ul>\n<h4>Winemaking<\/h4>\n<p>Entire bunch are pressed with pneumatic press. Racking at low temperature (8\u00b0C). Temperature controlled fermentation (18\u00b0C). Traditional method: first fermentation in vat then bottle fermentation follows (second fermentation). Bottles will be resting for 12 months at least on racks in air-conditioned cellar. 3 months before launching, bottles disgorgement is done, then we add a \u00ab liqueur d\u2019exp\u00e9dition \u00bb before bottle closure<\/p>\n","protected":false},"excerpt":{"rendered":"<ul>\n<li><strong>Appellation :<\/strong> AOP Cr\u00e9mant de Limoux<\/li>\n<li><strong>Grape Varieties :<\/strong> 70% Chardonnay, 20% Chenin, 10% Pinot Noir<\/li>\n<\/ul>\n<p>&nbsp;<\/p>\n<h4 class=\"p2\">Tasting notes<\/h4>\n<p>&nbsp;<\/p>\n<ul>\n<li class=\"p2\"><strong>Color :<\/strong> Pink with raspberry flavours, followed by delicate, nice and persistent bubbles.<\/li>\n<li class=\"p2\"><strong>Nose :<\/strong> Refined with flowers and fruits flavours. Honeysuckles scents join peach and apricot notes.<\/li>\n<li class=\"p2\"><strong>Palate :<\/strong> Soft but steady with a delicious fizzy taste, and a lively grapefruit and red orange hint.<\/li>\n<li class=\"p2\"><strong>Food pairing :<\/strong> Served at 6 to 8 \u00b0C as an aperitif, this wine will be also great with sushis, smoked salmon, red tuna tartare, fresh goat cheeses, Parma ham and fish for a very refined meal&#8230;<\/li>\n<\/ul>\n","protected":false},"featured_media":714,"comment_status":"open","ping_status":"closed","template":"","meta":{"_et_pb_use_builder":"on","_et_pb_old_content":"<h4>Le Vignoble :<\/h4><ul><li><strong>Sol :<\/strong> argilo calcaire.<\/li><li><strong>Climat :<\/strong> m\u00e9diterran\u00e9en, sous influence oc\u00e9anique<\/li><li><strong>Altitude :<\/strong> 250 \u00e0 280 m\u00e8tres.<\/li><li><strong>Densit\u00e9 de plantation :<\/strong> 4 400 Pieds\/ Ha<\/li><li><strong>Vendanges :<\/strong> manuelles<\/li><\/ul><h4>Vinification :<\/h4><p class=\"p2\">Pressurage des grappes enti\u00e8res avec des pressoirs pneumatiques. D\u00e9bourbage \u00e0 basse temp\u00e9rature (8\u00b0C). Contr\u00f4le des temp\u00e9ratures de fermentation (18\u00b0C). M\u00e9thode traditionnelle avec premi\u00e8re fermentation en cuve suivie d\u2019une seconde fermentation en bouteille (prise de mousse). Les bouteilles reposeront minimum 15 mois sur lattes dans les caves climatis\u00e9es. 3 mois avant la commercialisation, on proc\u00e8de au d\u00e9gorgement des bouteilles, ajout de la liqueur d\u2019exp\u00e9dition et bouchage d\u00e9finitif au li\u00e8ge<\/p>","_et_gb_content_width":""},"product_cat":[26],"product_tag":[],"class_list":{"0":"post-222","1":"product","2":"type-product","3":"status-publish","4":"has-post-thumbnail","6":"product_cat-chateau-martinolles-en","8":"first","9":"instock","10":"shipping-taxable","11":"product-type-simple"},"yoast_head":"<!-- This site is optimized with the Yoast SEO plugin v23.4 - https:\/\/yoast.com\/wordpress\/plugins\/seo\/ -->\n<title>Ch\u00e2teau Martinolles - Cr\u00e9mant de Limoux Ros\u00e9 - Ch\u00e2teau Martinolles<\/title>\n<meta name=\"robots\" content=\"index, follow, max-snippet:-1, max-image-preview:large, max-video-preview:-1\" \/>\n<link rel=\"canonical\" href=\"https:\/\/www.martinolles.com\/en\/the-wines\/cremant-de-limoux-pink\/\" \/>\n<meta property=\"og:locale\" content=\"en_US\" \/>\n<meta property=\"og:type\" content=\"article\" \/>\n<meta property=\"og:title\" content=\"Ch\u00e2teau Martinolles - Cr\u00e9mant de Limoux Ros\u00e9 - Ch\u00e2teau Martinolles\" \/>\n<meta property=\"og:description\" content=\"Appellation : AOP Cr\u00e9mant de Limoux  Grape Varieties : 70% Chardonnay, 20% Chenin, 10% Pinot Noir  &nbsp; Tasting notes &nbsp;   Color : Pink with raspberry flavours, followed by delicate, nice and persistent bubbles.  Nose : Refined with flowers and fruits flavours. Honeysuckles scents join peach and apricot notes.  Palate : Soft but steady with a delicious fizzy taste, and a lively grapefruit and red orange hint.  Food pairing : Served at 6 to 8 \u00b0C as an aperitif, this wine will be also great with sushis, smoked salmon, red tuna tartare, fresh goat cheeses, Parma ham and fish for a very refined meal...\" \/>\n<meta property=\"og:url\" content=\"https:\/\/www.martinolles.com\/en\/the-wines\/cremant-de-limoux-pink\/\" \/>\n<meta property=\"og:site_name\" content=\"Ch\u00e2teau Martinolles\" \/>\n<meta property=\"article:modified_time\" content=\"2020-09-21T13:14:49+00:00\" \/>\n<meta property=\"og:image\" content=\"https:\/\/www.martinolles.com\/wp-content\/uploads\/2022\/10\/Martinolles-Cremant-de-Limoux-Rose-Maison-Vergnes.png\" \/>\n\t<meta property=\"og:image:width\" content=\"1080\" \/>\n\t<meta property=\"og:image:height\" content=\"1080\" \/>\n\t<meta property=\"og:image:type\" content=\"image\/png\" \/>\n<meta name=\"twitter:card\" content=\"summary_large_image\" \/>\n<script type=\"application\/ld+json\" class=\"yoast-schema-graph\">{\"@context\":\"https:\/\/schema.org\",\"@graph\":[{\"@type\":\"WebPage\",\"@id\":\"https:\/\/www.martinolles.com\/en\/the-wines\/cremant-de-limoux-pink\/\",\"url\":\"https:\/\/www.martinolles.com\/en\/the-wines\/cremant-de-limoux-pink\/\",\"name\":\"Ch\u00e2teau Martinolles - Cr\u00e9mant de Limoux Ros\u00e9 - Ch\u00e2teau Martinolles\",\"isPartOf\":{\"@id\":\"https:\/\/www.martinolles.com\/#website\"},\"primaryImageOfPage\":{\"@id\":\"https:\/\/www.martinolles.com\/en\/the-wines\/cremant-de-limoux-pink\/#primaryimage\"},\"image\":{\"@id\":\"https:\/\/www.martinolles.com\/en\/the-wines\/cremant-de-limoux-pink\/#primaryimage\"},\"thumbnailUrl\":\"https:\/\/www.martinolles.com\/wp-content\/uploads\/2022\/10\/Martinolles-Cremant-de-Limoux-Rose-Maison-Vergnes.png\",\"datePublished\":\"2018-01-10T08:51:35+00:00\",\"dateModified\":\"2020-09-21T13:14:49+00:00\",\"breadcrumb\":{\"@id\":\"https:\/\/www.martinolles.com\/en\/the-wines\/cremant-de-limoux-pink\/#breadcrumb\"},\"inLanguage\":\"en-US\",\"potentialAction\":[{\"@type\":\"ReadAction\",\"target\":[\"https:\/\/www.martinolles.com\/en\/the-wines\/cremant-de-limoux-pink\/\"]}]},{\"@type\":\"ImageObject\",\"inLanguage\":\"en-US\",\"@id\":\"https:\/\/www.martinolles.com\/en\/the-wines\/cremant-de-limoux-pink\/#primaryimage\",\"url\":\"https:\/\/www.martinolles.com\/wp-content\/uploads\/2022\/10\/Martinolles-Cremant-de-Limoux-Rose-Maison-Vergnes.png\",\"contentUrl\":\"https:\/\/www.martinolles.com\/wp-content\/uploads\/2022\/10\/Martinolles-Cremant-de-Limoux-Rose-Maison-Vergnes.png\",\"width\":1080,\"height\":1080,\"caption\":\"Ch\u00e2teau Martinolles - Vignoble - Sud de la France - Limoux\"},{\"@type\":\"BreadcrumbList\",\"@id\":\"https:\/\/www.martinolles.com\/en\/the-wines\/cremant-de-limoux-pink\/#breadcrumb\",\"itemListElement\":[{\"@type\":\"ListItem\",\"position\":1,\"name\":\"Home\",\"item\":\"https:\/\/www.martinolles.com\/en\/\"},{\"@type\":\"ListItem\",\"position\":2,\"name\":\"Private: Shop\",\"item\":\"https:\/\/www.martinolles.com\/en\/?page_id=167\"},{\"@type\":\"ListItem\",\"position\":3,\"name\":\"Ch\u00e2teau Martinolles &#8211; Cr\u00e9mant de Limoux Ros\u00e9\"}]},{\"@type\":\"WebSite\",\"@id\":\"https:\/\/www.martinolles.com\/#website\",\"url\":\"https:\/\/www.martinolles.com\/\",\"name\":\"Ch\u00e2teau Martinolles\",\"description\":\"Vin effervescent, bulle, grand cru du languedoc en aoc limoux\",\"potentialAction\":[{\"@type\":\"SearchAction\",\"target\":{\"@type\":\"EntryPoint\",\"urlTemplate\":\"https:\/\/www.martinolles.com\/?s={search_term_string}\"},\"query-input\":{\"@type\":\"PropertyValueSpecification\",\"valueRequired\":true,\"valueName\":\"search_term_string\"}}],\"inLanguage\":\"en-US\"}]}<\/script>\n<!-- \/ Yoast SEO plugin. -->","yoast_head_json":{"title":"Ch\u00e2teau Martinolles - Cr\u00e9mant de Limoux Ros\u00e9 - Ch\u00e2teau Martinolles","robots":{"index":"index","follow":"follow","max-snippet":"max-snippet:-1","max-image-preview":"max-image-preview:large","max-video-preview":"max-video-preview:-1"},"canonical":"https:\/\/www.martinolles.com\/en\/the-wines\/cremant-de-limoux-pink\/","og_locale":"en_US","og_type":"article","og_title":"Ch\u00e2teau Martinolles - Cr\u00e9mant de Limoux Ros\u00e9 - Ch\u00e2teau Martinolles","og_description":"Appellation : AOP Cr\u00e9mant de Limoux  Grape Varieties : 70% Chardonnay, 20% Chenin, 10% Pinot Noir  &nbsp; Tasting notes &nbsp;   Color : Pink with raspberry flavours, followed by delicate, nice and persistent bubbles.  Nose : Refined with flowers and fruits flavours. Honeysuckles scents join peach and apricot notes.  Palate : Soft but steady with a delicious fizzy taste, and a lively grapefruit and red orange hint.  Food pairing : Served at 6 to 8 \u00b0C as an aperitif, this wine will be also great with sushis, smoked salmon, red tuna tartare, fresh goat cheeses, Parma ham and fish for a very refined meal...","og_url":"https:\/\/www.martinolles.com\/en\/the-wines\/cremant-de-limoux-pink\/","og_site_name":"Ch\u00e2teau Martinolles","article_modified_time":"2020-09-21T13:14:49+00:00","og_image":[{"width":1080,"height":1080,"url":"https:\/\/www.martinolles.com\/wp-content\/uploads\/2022\/10\/Martinolles-Cremant-de-Limoux-Rose-Maison-Vergnes.png","type":"image\/png"}],"twitter_card":"summary_large_image","schema":{"@context":"https:\/\/schema.org","@graph":[{"@type":"WebPage","@id":"https:\/\/www.martinolles.com\/en\/the-wines\/cremant-de-limoux-pink\/","url":"https:\/\/www.martinolles.com\/en\/the-wines\/cremant-de-limoux-pink\/","name":"Ch\u00e2teau Martinolles - Cr\u00e9mant de Limoux Ros\u00e9 - Ch\u00e2teau Martinolles","isPartOf":{"@id":"https:\/\/www.martinolles.com\/#website"},"primaryImageOfPage":{"@id":"https:\/\/www.martinolles.com\/en\/the-wines\/cremant-de-limoux-pink\/#primaryimage"},"image":{"@id":"https:\/\/www.martinolles.com\/en\/the-wines\/cremant-de-limoux-pink\/#primaryimage"},"thumbnailUrl":"https:\/\/www.martinolles.com\/wp-content\/uploads\/2022\/10\/Martinolles-Cremant-de-Limoux-Rose-Maison-Vergnes.png","datePublished":"2018-01-10T08:51:35+00:00","dateModified":"2020-09-21T13:14:49+00:00","breadcrumb":{"@id":"https:\/\/www.martinolles.com\/en\/the-wines\/cremant-de-limoux-pink\/#breadcrumb"},"inLanguage":"en-US","potentialAction":[{"@type":"ReadAction","target":["https:\/\/www.martinolles.com\/en\/the-wines\/cremant-de-limoux-pink\/"]}]},{"@type":"ImageObject","inLanguage":"en-US","@id":"https:\/\/www.martinolles.com\/en\/the-wines\/cremant-de-limoux-pink\/#primaryimage","url":"https:\/\/www.martinolles.com\/wp-content\/uploads\/2022\/10\/Martinolles-Cremant-de-Limoux-Rose-Maison-Vergnes.png","contentUrl":"https:\/\/www.martinolles.com\/wp-content\/uploads\/2022\/10\/Martinolles-Cremant-de-Limoux-Rose-Maison-Vergnes.png","width":1080,"height":1080,"caption":"Ch\u00e2teau Martinolles - Vignoble - Sud de la France - Limoux"},{"@type":"BreadcrumbList","@id":"https:\/\/www.martinolles.com\/en\/the-wines\/cremant-de-limoux-pink\/#breadcrumb","itemListElement":[{"@type":"ListItem","position":1,"name":"Home","item":"https:\/\/www.martinolles.com\/en\/"},{"@type":"ListItem","position":2,"name":"Private: Shop","item":"https:\/\/www.martinolles.com\/en\/?page_id=167"},{"@type":"ListItem","position":3,"name":"Ch\u00e2teau Martinolles &#8211; Cr\u00e9mant de Limoux Ros\u00e9"}]},{"@type":"WebSite","@id":"https:\/\/www.martinolles.com\/#website","url":"https:\/\/www.martinolles.com\/","name":"Ch\u00e2teau Martinolles","description":"Vin effervescent, bulle, grand cru du languedoc en aoc limoux","potentialAction":[{"@type":"SearchAction","target":{"@type":"EntryPoint","urlTemplate":"https:\/\/www.martinolles.com\/?s={search_term_string}"},"query-input":{"@type":"PropertyValueSpecification","valueRequired":true,"valueName":"search_term_string"}}],"inLanguage":"en-US"}]}},"_links":{"self":[{"href":"https:\/\/www.martinolles.com\/en\/wp-json\/wp\/v2\/product\/222"}],"collection":[{"href":"https:\/\/www.martinolles.com\/en\/wp-json\/wp\/v2\/product"}],"about":[{"href":"https:\/\/www.martinolles.com\/en\/wp-json\/wp\/v2\/types\/product"}],"replies":[{"embeddable":true,"href":"https:\/\/www.martinolles.com\/en\/wp-json\/wp\/v2\/comments?post=222"}],"wp:featuredmedia":[{"embeddable":true,"href":"https:\/\/www.martinolles.com\/en\/wp-json\/wp\/v2\/media\/714"}],"wp:attachment":[{"href":"https:\/\/www.martinolles.com\/en\/wp-json\/wp\/v2\/media?parent=222"}],"wp:term":[{"taxonomy":"product_cat","embeddable":true,"href":"https:\/\/www.martinolles.com\/en\/wp-json\/wp\/v2\/product_cat?post=222"},{"taxonomy":"product_tag","embeddable":true,"href":"https:\/\/www.martinolles.com\/en\/wp-json\/wp\/v2\/product_tag?post=222"}],"curies":[{"name":"wp","href":"https:\/\/api.w.org\/{rel}","templated":true}]}}