{"id":224,"date":"2018-01-10T10:16:48","date_gmt":"2018-01-10T09:16:48","guid":{"rendered":"http:\/\/ww.martinolles.com\/produit\/blanquette-de-limoux-methode-ancestrale-sparkling\/"},"modified":"2024-10-14T07:29:03","modified_gmt":"2024-10-14T05:29:03","slug":"blanquette-de-limoux-methode-ancestrale-sparkling","status":"publish","type":"product","link":"https:\/\/www.martinolles.com\/en\/the-wines\/blanquette-de-limoux-methode-ancestrale-sparkling\/","title":{"rendered":"Ch\u00e2teau Martinolles &#8211; Blanquette de Limoux M\u00e9thode Ancestrale"},"content":{"rendered":"<h4 class=\"p2\">The vineyard<\/h4>\n<ul>\n<li><strong>Soil :<\/strong> limestone and clay.<\/li>\n<li><strong>Climate :<\/strong> Mediterranean with oceanic influence<\/li>\n<li><strong>Altitude:<\/strong> 200 to 250 meters.<\/li>\n<li><strong>Vineyard density :<\/strong> 4 400 plants\/ Ha<\/li>\n<li>Vineyard over 35 year-old, the oldest of the Estates.<\/li>\n<li>Sustainable viticulture<\/li>\n<li>Hand harvesting.<\/li>\n<\/ul>\n<p>To make this m\u00e9thode ancestrale, we use the Mauzac grapes that were harvested at the latest. The grapes must be very healthy and with a high content in sugar.<\/p>\n<h4 class=\"p2\">Winemaking<\/h4>\n<p class=\"p2\">Direct pressing Protection of the must with CO2. Cold racking during 24 hours. Fermentation with indigenous yeasts. We stop the fermentation by filtration.Bottling during the 3rd moon of March, in order to get a natural prise de mousse.<\/p>\n","protected":false},"excerpt":{"rendered":"<ul>\n<li><strong>Appellation :<\/strong> AOP Blanquette de Limoux<\/li>\n<li><strong>Grape Variety :<\/strong> 100% Mauzac<\/li>\n<\/ul>\n<p>&nbsp;<\/p>\n<h4 class=\"p2\">Tasting notes<\/h4>\n<p>&nbsp;<\/p>\n<ul>\n<li class=\"p2\"><strong>Colour :<\/strong> vivid colour, fine and numerous bubbles, that give a nice light. Note: This blanquette unveils an intense nose very fruity and floral.<\/li>\n<li class=\"p2\"><strong>Mouth :<\/strong> nice aromas of yellow fruits, heady flowers and honey. It shows an elegant and harmonious mouth at the end.<\/li>\n<li class=\"p2\"><strong>Food &amp; wine pairing :<\/strong> the Blanquette M\u00e9thode ancestrale is a sweet and fruity sparkling wine, which will pair wonderfully with desserts, tarts, ice creams and chocolate. Serve at 8\u00b0C.<\/li>\n<\/ul>\n","protected":false},"featured_media":605,"comment_status":"open","ping_status":"closed","template":"","meta":{"_et_pb_use_builder":"on","_et_pb_old_content":"","_et_gb_content_width":""},"product_cat":[26],"product_tag":[],"class_list":{"0":"post-224","1":"product","2":"type-product","3":"status-publish","4":"has-post-thumbnail","6":"product_cat-chateau-martinolles-en","8":"first","9":"instock","10":"shipping-taxable","11":"product-type-simple"},"yoast_head":"<!-- This site is optimized with the Yoast SEO plugin v23.4 - https:\/\/yoast.com\/wordpress\/plugins\/seo\/ -->\n<title>Ch\u00e2teau Martinolles - Blanquette de Limoux M\u00e9thode Ancestrale - Ch\u00e2teau Martinolles<\/title>\n<meta name=\"robots\" content=\"index, follow, max-snippet:-1, max-image-preview:large, max-video-preview:-1\" \/>\n<link rel=\"canonical\" href=\"https:\/\/www.martinolles.com\/en\/the-wines\/blanquette-de-limoux-methode-ancestrale-sparkling\/\" \/>\n<meta property=\"og:locale\" content=\"en_US\" \/>\n<meta property=\"og:type\" content=\"article\" \/>\n<meta property=\"og:title\" content=\"Ch\u00e2teau Martinolles - Blanquette de Limoux M\u00e9thode Ancestrale - Ch\u00e2teau Martinolles\" \/>\n<meta property=\"og:description\" content=\"Appellation : AOP Blanquette de Limoux  Grape Variety : 100% Mauzac  &nbsp; Tasting notes &nbsp;   Colour : vivid colour, fine and numerous bubbles, that give a nice light. Note: This blanquette unveils an intense nose very fruity and floral.  Mouth : nice aromas of yellow fruits, heady flowers and honey. It shows an elegant and harmonious mouth at the end.  Food &amp; wine pairing : the Blanquette M\u00e9thode ancestrale is a sweet and fruity sparkling wine, which will pair wonderfully with desserts, tarts, ice creams and chocolate. Serve at 8\u00b0C.\" \/>\n<meta property=\"og:url\" content=\"https:\/\/www.martinolles.com\/en\/the-wines\/blanquette-de-limoux-methode-ancestrale-sparkling\/\" \/>\n<meta property=\"og:site_name\" content=\"Ch\u00e2teau Martinolles\" \/>\n<meta property=\"article:modified_time\" content=\"2024-10-14T05:29:03+00:00\" \/>\n<meta property=\"og:image\" content=\"https:\/\/www.martinolles.com\/wp-content\/uploads\/2022\/10\/Martinolles-Chardonnay-Blanc-de-Blanc-.jpg\" \/>\n\t<meta property=\"og:image:width\" content=\"1080\" \/>\n\t<meta property=\"og:image:height\" content=\"1080\" \/>\n\t<meta property=\"og:image:type\" content=\"image\/jpeg\" \/>\n<meta name=\"twitter:card\" content=\"summary_large_image\" \/>\n<script type=\"application\/ld+json\" class=\"yoast-schema-graph\">{\"@context\":\"https:\/\/schema.org\",\"@graph\":[{\"@type\":\"WebPage\",\"@id\":\"https:\/\/www.martinolles.com\/en\/the-wines\/blanquette-de-limoux-methode-ancestrale-sparkling\/\",\"url\":\"https:\/\/www.martinolles.com\/en\/the-wines\/blanquette-de-limoux-methode-ancestrale-sparkling\/\",\"name\":\"Ch\u00e2teau Martinolles - Blanquette de Limoux M\u00e9thode Ancestrale - Ch\u00e2teau Martinolles\",\"isPartOf\":{\"@id\":\"https:\/\/www.martinolles.com\/#website\"},\"primaryImageOfPage\":{\"@id\":\"https:\/\/www.martinolles.com\/en\/the-wines\/blanquette-de-limoux-methode-ancestrale-sparkling\/#primaryimage\"},\"image\":{\"@id\":\"https:\/\/www.martinolles.com\/en\/the-wines\/blanquette-de-limoux-methode-ancestrale-sparkling\/#primaryimage\"},\"thumbnailUrl\":\"https:\/\/www.martinolles.com\/wp-content\/uploads\/2022\/10\/Martinolles-Chardonnay-Blanc-de-Blanc-.jpg\",\"datePublished\":\"2018-01-10T09:16:48+00:00\",\"dateModified\":\"2024-10-14T05:29:03+00:00\",\"breadcrumb\":{\"@id\":\"https:\/\/www.martinolles.com\/en\/the-wines\/blanquette-de-limoux-methode-ancestrale-sparkling\/#breadcrumb\"},\"inLanguage\":\"en-US\",\"potentialAction\":[{\"@type\":\"ReadAction\",\"target\":[\"https:\/\/www.martinolles.com\/en\/the-wines\/blanquette-de-limoux-methode-ancestrale-sparkling\/\"]}]},{\"@type\":\"ImageObject\",\"inLanguage\":\"en-US\",\"@id\":\"https:\/\/www.martinolles.com\/en\/the-wines\/blanquette-de-limoux-methode-ancestrale-sparkling\/#primaryimage\",\"url\":\"https:\/\/www.martinolles.com\/wp-content\/uploads\/2022\/10\/Martinolles-Chardonnay-Blanc-de-Blanc-.jpg\",\"contentUrl\":\"https:\/\/www.martinolles.com\/wp-content\/uploads\/2022\/10\/Martinolles-Chardonnay-Blanc-de-Blanc-.jpg\",\"width\":1080,\"height\":1080,\"caption\":\"Ch\u00e2teau Martinolles - Vignoble - Sud de la France - Limoux\"},{\"@type\":\"BreadcrumbList\",\"@id\":\"https:\/\/www.martinolles.com\/en\/the-wines\/blanquette-de-limoux-methode-ancestrale-sparkling\/#breadcrumb\",\"itemListElement\":[{\"@type\":\"ListItem\",\"position\":1,\"name\":\"Home\",\"item\":\"https:\/\/www.martinolles.com\/en\/\"},{\"@type\":\"ListItem\",\"position\":2,\"name\":\"Private: Shop\",\"item\":\"https:\/\/www.martinolles.com\/en\/?page_id=167\"},{\"@type\":\"ListItem\",\"position\":3,\"name\":\"Ch\u00e2teau Martinolles &#8211; Blanquette de Limoux M\u00e9thode Ancestrale\"}]},{\"@type\":\"WebSite\",\"@id\":\"https:\/\/www.martinolles.com\/#website\",\"url\":\"https:\/\/www.martinolles.com\/\",\"name\":\"Ch\u00e2teau Martinolles\",\"description\":\"Vin effervescent, bulle, grand cru du languedoc en aoc limoux\",\"potentialAction\":[{\"@type\":\"SearchAction\",\"target\":{\"@type\":\"EntryPoint\",\"urlTemplate\":\"https:\/\/www.martinolles.com\/?s={search_term_string}\"},\"query-input\":{\"@type\":\"PropertyValueSpecification\",\"valueRequired\":true,\"valueName\":\"search_term_string\"}}],\"inLanguage\":\"en-US\"}]}<\/script>\n<!-- \/ Yoast SEO plugin. -->","yoast_head_json":{"title":"Ch\u00e2teau Martinolles - Blanquette de Limoux M\u00e9thode Ancestrale - Ch\u00e2teau Martinolles","robots":{"index":"index","follow":"follow","max-snippet":"max-snippet:-1","max-image-preview":"max-image-preview:large","max-video-preview":"max-video-preview:-1"},"canonical":"https:\/\/www.martinolles.com\/en\/the-wines\/blanquette-de-limoux-methode-ancestrale-sparkling\/","og_locale":"en_US","og_type":"article","og_title":"Ch\u00e2teau Martinolles - Blanquette de Limoux M\u00e9thode Ancestrale - Ch\u00e2teau Martinolles","og_description":"Appellation : AOP Blanquette de Limoux  Grape Variety : 100% Mauzac  &nbsp; Tasting notes &nbsp;   Colour : vivid colour, fine and numerous bubbles, that give a nice light. Note: This blanquette unveils an intense nose very fruity and floral.  Mouth : nice aromas of yellow fruits, heady flowers and honey. It shows an elegant and harmonious mouth at the end.  Food &amp; wine pairing : the Blanquette M\u00e9thode ancestrale is a sweet and fruity sparkling wine, which will pair wonderfully with desserts, tarts, ice creams and chocolate. Serve at 8\u00b0C.","og_url":"https:\/\/www.martinolles.com\/en\/the-wines\/blanquette-de-limoux-methode-ancestrale-sparkling\/","og_site_name":"Ch\u00e2teau Martinolles","article_modified_time":"2024-10-14T05:29:03+00:00","og_image":[{"width":1080,"height":1080,"url":"https:\/\/www.martinolles.com\/wp-content\/uploads\/2022\/10\/Martinolles-Chardonnay-Blanc-de-Blanc-.jpg","type":"image\/jpeg"}],"twitter_card":"summary_large_image","schema":{"@context":"https:\/\/schema.org","@graph":[{"@type":"WebPage","@id":"https:\/\/www.martinolles.com\/en\/the-wines\/blanquette-de-limoux-methode-ancestrale-sparkling\/","url":"https:\/\/www.martinolles.com\/en\/the-wines\/blanquette-de-limoux-methode-ancestrale-sparkling\/","name":"Ch\u00e2teau Martinolles - Blanquette de Limoux M\u00e9thode Ancestrale - Ch\u00e2teau Martinolles","isPartOf":{"@id":"https:\/\/www.martinolles.com\/#website"},"primaryImageOfPage":{"@id":"https:\/\/www.martinolles.com\/en\/the-wines\/blanquette-de-limoux-methode-ancestrale-sparkling\/#primaryimage"},"image":{"@id":"https:\/\/www.martinolles.com\/en\/the-wines\/blanquette-de-limoux-methode-ancestrale-sparkling\/#primaryimage"},"thumbnailUrl":"https:\/\/www.martinolles.com\/wp-content\/uploads\/2022\/10\/Martinolles-Chardonnay-Blanc-de-Blanc-.jpg","datePublished":"2018-01-10T09:16:48+00:00","dateModified":"2024-10-14T05:29:03+00:00","breadcrumb":{"@id":"https:\/\/www.martinolles.com\/en\/the-wines\/blanquette-de-limoux-methode-ancestrale-sparkling\/#breadcrumb"},"inLanguage":"en-US","potentialAction":[{"@type":"ReadAction","target":["https:\/\/www.martinolles.com\/en\/the-wines\/blanquette-de-limoux-methode-ancestrale-sparkling\/"]}]},{"@type":"ImageObject","inLanguage":"en-US","@id":"https:\/\/www.martinolles.com\/en\/the-wines\/blanquette-de-limoux-methode-ancestrale-sparkling\/#primaryimage","url":"https:\/\/www.martinolles.com\/wp-content\/uploads\/2022\/10\/Martinolles-Chardonnay-Blanc-de-Blanc-.jpg","contentUrl":"https:\/\/www.martinolles.com\/wp-content\/uploads\/2022\/10\/Martinolles-Chardonnay-Blanc-de-Blanc-.jpg","width":1080,"height":1080,"caption":"Ch\u00e2teau Martinolles - Vignoble - Sud de la France - Limoux"},{"@type":"BreadcrumbList","@id":"https:\/\/www.martinolles.com\/en\/the-wines\/blanquette-de-limoux-methode-ancestrale-sparkling\/#breadcrumb","itemListElement":[{"@type":"ListItem","position":1,"name":"Home","item":"https:\/\/www.martinolles.com\/en\/"},{"@type":"ListItem","position":2,"name":"Private: Shop","item":"https:\/\/www.martinolles.com\/en\/?page_id=167"},{"@type":"ListItem","position":3,"name":"Ch\u00e2teau Martinolles &#8211; Blanquette de Limoux M\u00e9thode Ancestrale"}]},{"@type":"WebSite","@id":"https:\/\/www.martinolles.com\/#website","url":"https:\/\/www.martinolles.com\/","name":"Ch\u00e2teau Martinolles","description":"Vin effervescent, bulle, grand cru du languedoc en aoc limoux","potentialAction":[{"@type":"SearchAction","target":{"@type":"EntryPoint","urlTemplate":"https:\/\/www.martinolles.com\/?s={search_term_string}"},"query-input":{"@type":"PropertyValueSpecification","valueRequired":true,"valueName":"search_term_string"}}],"inLanguage":"en-US"}]}},"_links":{"self":[{"href":"https:\/\/www.martinolles.com\/en\/wp-json\/wp\/v2\/product\/224"}],"collection":[{"href":"https:\/\/www.martinolles.com\/en\/wp-json\/wp\/v2\/product"}],"about":[{"href":"https:\/\/www.martinolles.com\/en\/wp-json\/wp\/v2\/types\/product"}],"replies":[{"embeddable":true,"href":"https:\/\/www.martinolles.com\/en\/wp-json\/wp\/v2\/comments?post=224"}],"wp:featuredmedia":[{"embeddable":true,"href":"https:\/\/www.martinolles.com\/en\/wp-json\/wp\/v2\/media\/605"}],"wp:attachment":[{"href":"https:\/\/www.martinolles.com\/en\/wp-json\/wp\/v2\/media?parent=224"}],"wp:term":[{"taxonomy":"product_cat","embeddable":true,"href":"https:\/\/www.martinolles.com\/en\/wp-json\/wp\/v2\/product_cat?post=224"},{"taxonomy":"product_tag","embeddable":true,"href":"https:\/\/www.martinolles.com\/en\/wp-json\/wp\/v2\/product_tag?post=224"}],"curies":[{"name":"wp","href":"https:\/\/api.w.org\/{rel}","templated":true}]}}