{"id":225,"date":"2018-01-10T10:25:05","date_gmt":"2018-01-10T09:25:05","guid":{"rendered":"http:\/\/ww.martinolles.com\/produit\/cremant-de-limoux-blanc-grande-reserve-sparkling\/"},"modified":"2025-09-07T02:54:27","modified_gmt":"2025-09-07T00:54:27","slug":"cremant-de-limoux-blanc-grande-reserve-sparkling","status":"publish","type":"product","link":"https:\/\/www.martinolles.com\/en\/the-wines\/cremant-de-limoux-blanc-grande-reserve-sparkling\/","title":{"rendered":"Ch\u00e2teau Martinolles &#8211; Cr\u00e9mant de Limoux Blanc &#8211; Grande R\u00e9serve"},"content":{"rendered":"<h4>Vineyard<\/h4>\n<ul>\n<li><strong>Pruning :<\/strong> Guyot simple<\/li>\n<li><strong>Vineyard age :<\/strong> 20 years<\/li>\n<li><strong>Soil type :<\/strong> Clay and limestone<\/li>\n<li><strong>Average yield :<\/strong> 55 hl\/ha<\/li>\n<li><strong>Climate :<\/strong> Mediterranean climate with oceanic influence<\/li>\n<li><strong>Altitude :<\/strong> 250 to 280 m<\/li>\n<li><strong>Density of planting :<\/strong> 4 400 plants\/ ha<\/li>\n<li><strong>Harvest :<\/strong> hand-picked<\/li>\n<\/ul>\n<h4>Winemaking<\/h4>\n<p>Entire bunches pressing out with pneumatic press. Racking at low temperature (8\u00b0C). Fermentation under controlled temperature (18\u00b0C). Traditional method: first fermentation in barrels for a part and in vat for the rest; 20% is aged for 6 months in barrels before bottling. Then bottle fermentation follows (second fermentation). Bottles will be resting for 24 months at least on racks in cellar. Then, disgorging is done 3 months before launching with \u00ab liqueur d\u2019exp\u00e9dition \u00bb addition and final closure.<\/p>\n","protected":false},"excerpt":{"rendered":"<ul>\n<li><strong>Appellation :<\/strong> AOP Cr\u00e9mant de Limoux<\/li>\n<li><strong>Grape Varieties :<\/strong> Chardonnay (70%), Chenin (20%), Mauzac (10%)<\/li>\n<\/ul>\n<p>&nbsp;<\/p>\n<h4>Tasting notes<\/h4>\n<p>&nbsp;<\/p>\n<ul>\n<li class=\"p2\"><strong>Color :<\/strong> Bright and limpid yellow, fine and numerous bubbles<\/li>\n<li class=\"p2\"><strong>Nose :<\/strong> Refined with flowers and candied fruits flavour. Honeysuckles scents join peach and apricot notes.<\/li>\n<li class=\"p2\"><strong>Palate :<\/strong> Soft but steady with a delicious fizzy taste, and a lively grapefruit and red orange hint.<\/li>\n<li class=\"p2\"><strong>Food pairing :<\/strong> Served at 6 to 8 \u00b0C before lunch and dinner, but will be also great with sushis, smoked salmon, red tuna tartare, fresh goat cheeses, Parma ham and fishes for a very refined meal.<\/li>\n<\/ul>\n","protected":false},"featured_media":563,"comment_status":"open","ping_status":"closed","template":"","meta":{"_et_pb_use_builder":"on","_et_pb_old_content":"","_et_gb_content_width":""},"product_cat":[26],"product_tag":[],"class_list":{"0":"post-225","1":"product","2":"type-product","3":"status-publish","4":"has-post-thumbnail","6":"product_cat-chateau-martinolles-en","8":"first","9":"instock","10":"shipping-taxable","11":"product-type-simple"},"yoast_head":"<!-- This site is optimized with the Yoast SEO plugin v23.4 - https:\/\/yoast.com\/wordpress\/plugins\/seo\/ -->\n<title>Ch\u00e2teau Martinolles - Cr\u00e9mant de Limoux Blanc - Grande R\u00e9serve - Ch\u00e2teau Martinolles<\/title>\n<meta name=\"robots\" content=\"index, follow, max-snippet:-1, max-image-preview:large, max-video-preview:-1\" \/>\n<link rel=\"canonical\" href=\"https:\/\/www.martinolles.com\/en\/the-wines\/cremant-de-limoux-blanc-grande-reserve-sparkling\/\" \/>\n<meta property=\"og:locale\" content=\"en_US\" \/>\n<meta property=\"og:type\" content=\"article\" \/>\n<meta property=\"og:title\" content=\"Ch\u00e2teau Martinolles - Cr\u00e9mant de Limoux Blanc - Grande R\u00e9serve - Ch\u00e2teau Martinolles\" \/>\n<meta property=\"og:description\" content=\"Appellation : AOP Cr\u00e9mant de Limoux  Grape Varieties : Chardonnay (70%), Chenin (20%), Mauzac (10%)  &nbsp; Tasting notes &nbsp;   Color : Bright and limpid yellow, fine and numerous bubbles  Nose : Refined with flowers and candied fruits flavour. Honeysuckles scents join peach and apricot notes.  Palate : Soft but steady with a delicious fizzy taste, and a lively grapefruit and red orange hint.  Food pairing : Served at 6 to 8 \u00b0C before lunch and dinner, but will be also great with sushis, smoked salmon, red tuna tartare, fresh goat cheeses, Parma ham and fishes for a very refined meal.\" \/>\n<meta property=\"og:url\" content=\"https:\/\/www.martinolles.com\/en\/the-wines\/cremant-de-limoux-blanc-grande-reserve-sparkling\/\" \/>\n<meta property=\"og:site_name\" content=\"Ch\u00e2teau Martinolles\" \/>\n<meta property=\"article:modified_time\" content=\"2025-09-07T00:54:27+00:00\" \/>\n<meta property=\"og:image\" content=\"https:\/\/www.martinolles.com\/wp-content\/uploads\/2022\/10\/Chateau-Martinolles-Grande-reserve-Cremant-de-Limoux.jpg\" \/>\n\t<meta property=\"og:image:width\" content=\"1080\" \/>\n\t<meta property=\"og:image:height\" content=\"1080\" \/>\n\t<meta property=\"og:image:type\" content=\"image\/jpeg\" \/>\n<meta name=\"twitter:card\" content=\"summary_large_image\" \/>\n<meta name=\"twitter:label1\" content=\"Est. reading time\" \/>\n\t<meta name=\"twitter:data1\" content=\"1 minute\" \/>\n<script type=\"application\/ld+json\" class=\"yoast-schema-graph\">{\"@context\":\"https:\/\/schema.org\",\"@graph\":[{\"@type\":\"WebPage\",\"@id\":\"https:\/\/www.martinolles.com\/en\/the-wines\/cremant-de-limoux-blanc-grande-reserve-sparkling\/\",\"url\":\"https:\/\/www.martinolles.com\/en\/the-wines\/cremant-de-limoux-blanc-grande-reserve-sparkling\/\",\"name\":\"Ch\u00e2teau Martinolles - Cr\u00e9mant de Limoux Blanc - Grande R\u00e9serve - Ch\u00e2teau Martinolles\",\"isPartOf\":{\"@id\":\"https:\/\/www.martinolles.com\/#website\"},\"primaryImageOfPage\":{\"@id\":\"https:\/\/www.martinolles.com\/en\/the-wines\/cremant-de-limoux-blanc-grande-reserve-sparkling\/#primaryimage\"},\"image\":{\"@id\":\"https:\/\/www.martinolles.com\/en\/the-wines\/cremant-de-limoux-blanc-grande-reserve-sparkling\/#primaryimage\"},\"thumbnailUrl\":\"https:\/\/www.martinolles.com\/wp-content\/uploads\/2022\/10\/Chateau-Martinolles-Grande-reserve-Cremant-de-Limoux.jpg\",\"datePublished\":\"2018-01-10T09:25:05+00:00\",\"dateModified\":\"2025-09-07T00:54:27+00:00\",\"breadcrumb\":{\"@id\":\"https:\/\/www.martinolles.com\/en\/the-wines\/cremant-de-limoux-blanc-grande-reserve-sparkling\/#breadcrumb\"},\"inLanguage\":\"en-US\",\"potentialAction\":[{\"@type\":\"ReadAction\",\"target\":[\"https:\/\/www.martinolles.com\/en\/the-wines\/cremant-de-limoux-blanc-grande-reserve-sparkling\/\"]}]},{\"@type\":\"ImageObject\",\"inLanguage\":\"en-US\",\"@id\":\"https:\/\/www.martinolles.com\/en\/the-wines\/cremant-de-limoux-blanc-grande-reserve-sparkling\/#primaryimage\",\"url\":\"https:\/\/www.martinolles.com\/wp-content\/uploads\/2022\/10\/Chateau-Martinolles-Grande-reserve-Cremant-de-Limoux.jpg\",\"contentUrl\":\"https:\/\/www.martinolles.com\/wp-content\/uploads\/2022\/10\/Chateau-Martinolles-Grande-reserve-Cremant-de-Limoux.jpg\",\"width\":1080,\"height\":1080,\"caption\":\"Ch\u00e2teau Martinolles - Vignoble - Sud de la France - Limoux\"},{\"@type\":\"BreadcrumbList\",\"@id\":\"https:\/\/www.martinolles.com\/en\/the-wines\/cremant-de-limoux-blanc-grande-reserve-sparkling\/#breadcrumb\",\"itemListElement\":[{\"@type\":\"ListItem\",\"position\":1,\"name\":\"Home\",\"item\":\"https:\/\/www.martinolles.com\/en\/\"},{\"@type\":\"ListItem\",\"position\":2,\"name\":\"Private: Shop\",\"item\":\"https:\/\/www.martinolles.com\/en\/?page_id=167\"},{\"@type\":\"ListItem\",\"position\":3,\"name\":\"Ch\u00e2teau Martinolles &#8211; Cr\u00e9mant de Limoux Blanc &#8211; Grande R\u00e9serve\"}]},{\"@type\":\"WebSite\",\"@id\":\"https:\/\/www.martinolles.com\/#website\",\"url\":\"https:\/\/www.martinolles.com\/\",\"name\":\"Ch\u00e2teau Martinolles\",\"description\":\"Vin effervescent, bulle, grand cru du languedoc en aoc limoux\",\"potentialAction\":[{\"@type\":\"SearchAction\",\"target\":{\"@type\":\"EntryPoint\",\"urlTemplate\":\"https:\/\/www.martinolles.com\/?s={search_term_string}\"},\"query-input\":{\"@type\":\"PropertyValueSpecification\",\"valueRequired\":true,\"valueName\":\"search_term_string\"}}],\"inLanguage\":\"en-US\"}]}<\/script>\n<!-- \/ Yoast SEO plugin. -->","yoast_head_json":{"title":"Ch\u00e2teau Martinolles - Cr\u00e9mant de Limoux Blanc - Grande R\u00e9serve - Ch\u00e2teau Martinolles","robots":{"index":"index","follow":"follow","max-snippet":"max-snippet:-1","max-image-preview":"max-image-preview:large","max-video-preview":"max-video-preview:-1"},"canonical":"https:\/\/www.martinolles.com\/en\/the-wines\/cremant-de-limoux-blanc-grande-reserve-sparkling\/","og_locale":"en_US","og_type":"article","og_title":"Ch\u00e2teau Martinolles - Cr\u00e9mant de Limoux Blanc - Grande R\u00e9serve - Ch\u00e2teau Martinolles","og_description":"Appellation : AOP Cr\u00e9mant de Limoux  Grape Varieties : Chardonnay (70%), Chenin (20%), Mauzac (10%)  &nbsp; Tasting notes &nbsp;   Color : Bright and limpid yellow, fine and numerous bubbles  Nose : Refined with flowers and candied fruits flavour. Honeysuckles scents join peach and apricot notes.  Palate : Soft but steady with a delicious fizzy taste, and a lively grapefruit and red orange hint.  Food pairing : Served at 6 to 8 \u00b0C before lunch and dinner, but will be also great with sushis, smoked salmon, red tuna tartare, fresh goat cheeses, Parma ham and fishes for a very refined meal.","og_url":"https:\/\/www.martinolles.com\/en\/the-wines\/cremant-de-limoux-blanc-grande-reserve-sparkling\/","og_site_name":"Ch\u00e2teau Martinolles","article_modified_time":"2025-09-07T00:54:27+00:00","og_image":[{"width":1080,"height":1080,"url":"https:\/\/www.martinolles.com\/wp-content\/uploads\/2022\/10\/Chateau-Martinolles-Grande-reserve-Cremant-de-Limoux.jpg","type":"image\/jpeg"}],"twitter_card":"summary_large_image","twitter_misc":{"Est. reading time":"1 minute"},"schema":{"@context":"https:\/\/schema.org","@graph":[{"@type":"WebPage","@id":"https:\/\/www.martinolles.com\/en\/the-wines\/cremant-de-limoux-blanc-grande-reserve-sparkling\/","url":"https:\/\/www.martinolles.com\/en\/the-wines\/cremant-de-limoux-blanc-grande-reserve-sparkling\/","name":"Ch\u00e2teau Martinolles - Cr\u00e9mant de Limoux Blanc - Grande R\u00e9serve - Ch\u00e2teau Martinolles","isPartOf":{"@id":"https:\/\/www.martinolles.com\/#website"},"primaryImageOfPage":{"@id":"https:\/\/www.martinolles.com\/en\/the-wines\/cremant-de-limoux-blanc-grande-reserve-sparkling\/#primaryimage"},"image":{"@id":"https:\/\/www.martinolles.com\/en\/the-wines\/cremant-de-limoux-blanc-grande-reserve-sparkling\/#primaryimage"},"thumbnailUrl":"https:\/\/www.martinolles.com\/wp-content\/uploads\/2022\/10\/Chateau-Martinolles-Grande-reserve-Cremant-de-Limoux.jpg","datePublished":"2018-01-10T09:25:05+00:00","dateModified":"2025-09-07T00:54:27+00:00","breadcrumb":{"@id":"https:\/\/www.martinolles.com\/en\/the-wines\/cremant-de-limoux-blanc-grande-reserve-sparkling\/#breadcrumb"},"inLanguage":"en-US","potentialAction":[{"@type":"ReadAction","target":["https:\/\/www.martinolles.com\/en\/the-wines\/cremant-de-limoux-blanc-grande-reserve-sparkling\/"]}]},{"@type":"ImageObject","inLanguage":"en-US","@id":"https:\/\/www.martinolles.com\/en\/the-wines\/cremant-de-limoux-blanc-grande-reserve-sparkling\/#primaryimage","url":"https:\/\/www.martinolles.com\/wp-content\/uploads\/2022\/10\/Chateau-Martinolles-Grande-reserve-Cremant-de-Limoux.jpg","contentUrl":"https:\/\/www.martinolles.com\/wp-content\/uploads\/2022\/10\/Chateau-Martinolles-Grande-reserve-Cremant-de-Limoux.jpg","width":1080,"height":1080,"caption":"Ch\u00e2teau Martinolles - Vignoble - Sud de la France - Limoux"},{"@type":"BreadcrumbList","@id":"https:\/\/www.martinolles.com\/en\/the-wines\/cremant-de-limoux-blanc-grande-reserve-sparkling\/#breadcrumb","itemListElement":[{"@type":"ListItem","position":1,"name":"Home","item":"https:\/\/www.martinolles.com\/en\/"},{"@type":"ListItem","position":2,"name":"Private: Shop","item":"https:\/\/www.martinolles.com\/en\/?page_id=167"},{"@type":"ListItem","position":3,"name":"Ch\u00e2teau Martinolles &#8211; Cr\u00e9mant de Limoux Blanc &#8211; Grande R\u00e9serve"}]},{"@type":"WebSite","@id":"https:\/\/www.martinolles.com\/#website","url":"https:\/\/www.martinolles.com\/","name":"Ch\u00e2teau Martinolles","description":"Vin effervescent, bulle, grand cru du languedoc en aoc limoux","potentialAction":[{"@type":"SearchAction","target":{"@type":"EntryPoint","urlTemplate":"https:\/\/www.martinolles.com\/?s={search_term_string}"},"query-input":{"@type":"PropertyValueSpecification","valueRequired":true,"valueName":"search_term_string"}}],"inLanguage":"en-US"}]}},"_links":{"self":[{"href":"https:\/\/www.martinolles.com\/en\/wp-json\/wp\/v2\/product\/225"}],"collection":[{"href":"https:\/\/www.martinolles.com\/en\/wp-json\/wp\/v2\/product"}],"about":[{"href":"https:\/\/www.martinolles.com\/en\/wp-json\/wp\/v2\/types\/product"}],"replies":[{"embeddable":true,"href":"https:\/\/www.martinolles.com\/en\/wp-json\/wp\/v2\/comments?post=225"}],"wp:featuredmedia":[{"embeddable":true,"href":"https:\/\/www.martinolles.com\/en\/wp-json\/wp\/v2\/media\/563"}],"wp:attachment":[{"href":"https:\/\/www.martinolles.com\/en\/wp-json\/wp\/v2\/media?parent=225"}],"wp:term":[{"taxonomy":"product_cat","embeddable":true,"href":"https:\/\/www.martinolles.com\/en\/wp-json\/wp\/v2\/product_cat?post=225"},{"taxonomy":"product_tag","embeddable":true,"href":"https:\/\/www.martinolles.com\/en\/wp-json\/wp\/v2\/product_tag?post=225"}],"curies":[{"name":"wp","href":"https:\/\/api.w.org\/{rel}","templated":true}]}}